{"id":130,"date":"2015-03-30T09:51:31","date_gmt":"2015-03-30T09:51:31","guid":{"rendered":"http:\/\/buildme.freevision.me\/?page_id=130"},"modified":"2025-11-19T00:05:33","modified_gmt":"2025-11-18T21:05:33","slug":"urunlerimiz","status":"publish","type":"page","link":"https:\/\/www.onersanasansor.com\/ar\/urunlerimiz\/","title":{"rendered":"\u0627\u0644\u0645\u0646\u062a\u062c\u0627\u062a"},"content":{"rendered":"<p>[vc_row bg_parallax=&#8221;off&#8221; bg_slider=&#8221;off&#8221; bg_video=&#8221;off&#8221; bottom_button=&#8221;off&#8221; css=&#8221;.vc_custom_1568109551422{margin-top: 0px !important;margin-bottom: 0px !important;padding-top: 40px !important;padding-bottom: 80px !important;}&#8221; font_color=&#8221;#ffffff&#8221; row_id=&#8221;projects&#8221;][vc_column]<ul id=\"project-filter\" class=\"component-model filter-align-center\"><li class=\"active\"><a href=\"#all\" data-filter=\".category-all\">ALL PROJECTS<\/a><\/li><\/ul><div class=\"ozy-project-listing wpb_wrapper isotope custom-gutter column-4\" data-visible_item_count=\"50\"><div class=\"grid-sizer\"><\/div><div class=\"gutter-sizer\"><\/div><div class=\"category-all category- ozy_project\"><div class=\"featured-thumbnail\" style=\"background-image:url(https:\/\/www.onersanasansor.com\/ar\/wp-content\/uploads\/2019\/09\/ON-05-asansor_p.jpg);\"><div class=\"caption\"><h5 class=\"heading\"><a href=\"http:\/\/www.onersanasansor.com\/ar\/urunlerimiz\/on-05-asansor-durak-kapisi-kilit-acma-magneti\/\" title=\"ON-05 Asans\u00f6r Durak Kap\u0131s\u0131 Kilit A\u00e7ma Magneti\" rel=\"bookmark\">ON-05 Asans\u00f6r Durak Kap\u0131s\u0131 Kilit A\u00e7ma Magneti<\/a><\/h5><div class=\"border\"><span><\/span><\/div><p><\/p><a href=\"https:\/\/www.onersanasansor.com\/ar\/wp-content\/uploads\/2019\/09\/ON-05-asansor_p.jpg\" class=\"fancybox plus-icon\" rel=\"project-gallery\" title=\"ON-05 Asans\u00f6r Durak Kap\u0131s\u0131 Kilit A\u00e7ma Magneti\"><i class=\"oic-plus-1\"><\/i><\/a><\/div><img loading=\"lazy\" decoding=\"async\" width=\"500\" height=\"500\" src=\"https:\/\/www.onersanasansor.com\/ar\/wp-content\/uploads\/2019\/09\/ON-05-asansor_p.jpg\" class=\"attachment-blog size-blog wp-post-image\" alt=\"\" srcset=\"https:\/\/www.onersanasansor.com\/ar\/wp-content\/uploads\/2019\/09\/ON-05-asansor_p.jpg 500w, https:\/\/www.onersanasansor.com\/ar\/wp-content\/uploads\/2019\/09\/ON-05-asansor_p-150x150.jpg 150w, https:\/\/www.onersanasansor.com\/ar\/wp-content\/uploads\/2019\/09\/ON-05-asansor_p-300x300.jpg 300w, https:\/\/www.onersanasansor.com\/ar\/wp-content\/uploads\/2019\/09\/ON-05-asansor_p-480x480.jpg 480w\" sizes=\"auto, (max-width: 500px) 100vw, 500px\" \/><\/div><\/div><div class=\"category-all category- ozy_project\"><div class=\"featured-thumbnail\" style=\"background-image:url(https:\/\/www.onersanasansor.com\/ar\/wp-content\/uploads\/2019\/09\/ON-01-asansor-gurak-kapisi1_p.jpg);\"><div class=\"caption\"><h5 class=\"heading\"><a href=\"http:\/\/www.onersanasansor.com\/ar\/urunlerimiz\/on-01-asansor-durak-kapisi-kilit-acma-magneti\/\" title=\"On-01 Asans\u00f6r Durak Kap\u0131s\u0131 Kilit A\u00e7ma Magneti\" rel=\"bookmark\">On-01 Asans\u00f6r Durak Kap\u0131s\u0131 Kilit A\u00e7ma Magneti<\/a><\/h5><div class=\"border\"><span><\/span><\/div><p><\/p><a href=\"https:\/\/www.onersanasansor.com\/ar\/wp-content\/uploads\/2019\/09\/ON-01-asansor-gurak-kapisi1_p.jpg\" class=\"fancybox plus-icon\" rel=\"project-gallery\" title=\"On-01 Asans\u00f6r Durak Kap\u0131s\u0131 Kilit A\u00e7ma Magneti\"><i class=\"oic-plus-1\"><\/i><\/a><\/div><img loading=\"lazy\" decoding=\"async\" width=\"500\" height=\"500\" src=\"https:\/\/www.onersanasansor.com\/ar\/wp-content\/uploads\/2019\/09\/ON-01-asansor-gurak-kapisi1_p.jpg\" class=\"attachment-blog size-blog wp-post-image\" alt=\"\" srcset=\"https:\/\/www.onersanasansor.com\/ar\/wp-content\/uploads\/2019\/09\/ON-01-asansor-gurak-kapisi1_p.jpg 500w, https:\/\/www.onersanasansor.com\/ar\/wp-content\/uploads\/2019\/09\/ON-01-asansor-gurak-kapisi1_p-150x150.jpg 150w, https:\/\/www.onersanasansor.com\/ar\/wp-content\/uploads\/2019\/09\/ON-01-asansor-gurak-kapisi1_p-300x300.jpg 300w, https:\/\/www.onersanasansor.com\/ar\/wp-content\/uploads\/2019\/09\/ON-01-asansor-gurak-kapisi1_p-480x480.jpg 480w\" sizes=\"auto, (max-width: 500px) 100vw, 500px\" \/><\/div><\/div><div class=\"category-all category- ozy_project\"><div class=\"featured-thumbnail\" style=\"background-image:url(https:\/\/www.onersanasansor.com\/ar\/wp-content\/uploads\/2019\/09\/ON-03-cift-emniyetli-asansor-kapi-kilidi2_p.jpg);\"><div class=\"caption\"><h5 class=\"heading\"><a href=\"http:\/\/www.onersanasansor.com\/ar\/urunlerimiz\/on-03-cift-emniyetli-asansor-kapi-kilidi\/\" title=\"ON-03 \u00c7ift Emniyetli Asans\u00f6r Kap\u0131 Kilidi\" rel=\"bookmark\">ON-03 \u00c7ift Emniyetli Asans\u00f6r Kap\u0131 Kilidi<\/a><\/h5><div class=\"border\"><span><\/span><\/div><p><\/p><a href=\"https:\/\/www.onersanasansor.com\/ar\/wp-content\/uploads\/2019\/09\/ON-03-cift-emniyetli-asansor-kapi-kilidi2_p.jpg\" class=\"fancybox plus-icon\" rel=\"project-gallery\" title=\"ON-03 \u00c7ift Emniyetli Asans\u00f6r Kap\u0131 Kilidi\"><i class=\"oic-plus-1\"><\/i><\/a><\/div><img loading=\"lazy\" decoding=\"async\" width=\"500\" height=\"500\" src=\"https:\/\/www.onersanasansor.com\/ar\/wp-content\/uploads\/2019\/09\/ON-03-cift-emniyetli-asansor-kapi-kilidi2_p.jpg\" class=\"attachment-blog size-blog wp-post-image\" alt=\"\" srcset=\"https:\/\/www.onersanasansor.com\/ar\/wp-content\/uploads\/2019\/09\/ON-03-cift-emniyetli-asansor-kapi-kilidi2_p.jpg 500w, https:\/\/www.onersanasansor.com\/ar\/wp-content\/uploads\/2019\/09\/ON-03-cift-emniyetli-asansor-kapi-kilidi2_p-150x150.jpg 150w, https:\/\/www.onersanasansor.com\/ar\/wp-content\/uploads\/2019\/09\/ON-03-cift-emniyetli-asansor-kapi-kilidi2_p-300x300.jpg 300w, https:\/\/www.onersanasansor.com\/ar\/wp-content\/uploads\/2019\/09\/ON-03-cift-emniyetli-asansor-kapi-kilidi2_p-480x480.jpg 480w\" sizes=\"auto, (max-width: 500px) 100vw, 500px\" \/><\/div><\/div><div class=\"category-all category- ozy_project\"><div class=\"featured-thumbnail\" style=\"background-image:url(https:\/\/www.onersanasansor.com\/ar\/wp-content\/uploads\/2019\/09\/ON-04-cift-emniyetli-asansor-kapi-kilidi2_p.jpg);\"><div class=\"caption\"><h5 class=\"heading\"><a href=\"http:\/\/www.onersanasansor.com\/ar\/urunlerimiz\/on-04-cift-emniyetli-asansor-kapi-kilidi\/\" title=\"ON-04 \u00c7ift Emniyetli Asans\u00f6r Kap\u0131 Kilidi\" rel=\"bookmark\">ON-04 \u00c7ift Emniyetli Asans\u00f6r Kap\u0131 Kilidi<\/a><\/h5><div class=\"border\"><span><\/span><\/div><p><\/p><a href=\"https:\/\/www.onersanasansor.com\/ar\/wp-content\/uploads\/2019\/09\/ON-04-cift-emniyetli-asansor-kapi-kilidi2_p.jpg\" class=\"fancybox plus-icon\" rel=\"project-gallery\" title=\"ON-04 \u00c7ift Emniyetli Asans\u00f6r Kap\u0131 Kilidi\"><i class=\"oic-plus-1\"><\/i><\/a><\/div><img loading=\"lazy\" decoding=\"async\" width=\"500\" height=\"500\" src=\"https:\/\/www.onersanasansor.com\/ar\/wp-content\/uploads\/2019\/09\/ON-04-cift-emniyetli-asansor-kapi-kilidi2_p.jpg\" class=\"attachment-blog size-blog wp-post-image\" alt=\"\" srcset=\"https:\/\/www.onersanasansor.com\/ar\/wp-content\/uploads\/2019\/09\/ON-04-cift-emniyetli-asansor-kapi-kilidi2_p.jpg 500w, https:\/\/www.onersanasansor.com\/ar\/wp-content\/uploads\/2019\/09\/ON-04-cift-emniyetli-asansor-kapi-kilidi2_p-150x150.jpg 150w, https:\/\/www.onersanasansor.com\/ar\/wp-content\/uploads\/2019\/09\/ON-04-cift-emniyetli-asansor-kapi-kilidi2_p-300x300.jpg 300w, https:\/\/www.onersanasansor.com\/ar\/wp-content\/uploads\/2019\/09\/ON-04-cift-emniyetli-asansor-kapi-kilidi2_p-480x480.jpg 480w\" sizes=\"auto, (max-width: 500px) 100vw, 500px\" \/><\/div><\/div><div class=\"category-all category- ozy_project\"><div class=\"featured-thumbnail\" style=\"background-image:url(https:\/\/www.onersanasansor.com\/ar\/wp-content\/uploads\/2019\/09\/ONF-01-cift-yonlu-kayma-freni_p.jpg);\"><div class=\"caption\"><h5 class=\"heading\"><a href=\"http:\/\/www.onersanasansor.com\/ar\/urunlerimiz\/onf-01-cift-yonlu-kayma-fren\/\" title=\"ONF-01 \u00c7ift Y\u00f6nl\u00fc Kayma Fren\" rel=\"bookmark\">ONF-01 \u00c7ift Y\u00f6nl\u00fc Kayma Fren<\/a><\/h5><div class=\"border\"><span><\/span><\/div><p><\/p><a href=\"https:\/\/www.onersanasansor.com\/ar\/wp-content\/uploads\/2019\/09\/ONF-01-cift-yonlu-kayma-freni_p.jpg\" class=\"fancybox plus-icon\" rel=\"project-gallery\" title=\"ONF-01 \u00c7ift Y\u00f6nl\u00fc Kayma Fren\"><i class=\"oic-plus-1\"><\/i><\/a><\/div><img loading=\"lazy\" decoding=\"async\" width=\"500\" height=\"500\" src=\"https:\/\/www.onersanasansor.com\/ar\/wp-content\/uploads\/2019\/09\/ONF-01-cift-yonlu-kayma-freni_p.jpg\" class=\"attachment-blog size-blog wp-post-image\" alt=\"\" srcset=\"https:\/\/www.onersanasansor.com\/ar\/wp-content\/uploads\/2019\/09\/ONF-01-cift-yonlu-kayma-freni_p.jpg 500w, https:\/\/www.onersanasansor.com\/ar\/wp-content\/uploads\/2019\/09\/ONF-01-cift-yonlu-kayma-freni_p-150x150.jpg 150w, https:\/\/www.onersanasansor.com\/ar\/wp-content\/uploads\/2019\/09\/ONF-01-cift-yonlu-kayma-freni_p-300x300.jpg 300w, https:\/\/www.onersanasansor.com\/ar\/wp-content\/uploads\/2019\/09\/ONF-01-cift-yonlu-kayma-freni_p-480x480.jpg 480w\" sizes=\"auto, (max-width: 500px) 100vw, 500px\" \/><\/div><\/div><div class=\"category-all category- ozy_project\"><div class=\"featured-thumbnail\" style=\"background-image:url(https:\/\/www.onersanasansor.com\/ar\/wp-content\/uploads\/2019\/12\/ONPT-01.jpg);\"><div class=\"caption\"><h5 class=\"heading\"><a href=\"http:\/\/www.onersanasansor.com\/ar\/urunlerimiz\/onpt-01-poliuretan-asansor-tamponlari\/\" title=\"ONPT-01 Poli\u00fcretan Asans\u00f6r Tamponlar\u0131\" rel=\"bookmark\">ONPT-01 Poli\u00fcretan Asans\u00f6r Tamponlar\u0131<\/a><\/h5><div class=\"border\"><span><\/span><\/div><p><\/p><a href=\"https:\/\/www.onersanasansor.com\/ar\/wp-content\/uploads\/2019\/12\/ONPT-01.jpg\" class=\"fancybox plus-icon\" rel=\"project-gallery\" title=\"ONPT-01 Poli\u00fcretan Asans\u00f6r Tamponlar\u0131\"><i class=\"oic-plus-1\"><\/i><\/a><\/div><img loading=\"lazy\" decoding=\"async\" width=\"800\" height=\"800\" src=\"https:\/\/www.onersanasansor.com\/ar\/wp-content\/uploads\/2019\/12\/ONPT-01.jpg\" class=\"attachment-blog size-blog wp-post-image\" alt=\"\" srcset=\"https:\/\/www.onersanasansor.com\/ar\/wp-content\/uploads\/2019\/12\/ONPT-01.jpg 800w, https:\/\/www.onersanasansor.com\/ar\/wp-content\/uploads\/2019\/12\/ONPT-01-150x150.jpg 150w, https:\/\/www.onersanasansor.com\/ar\/wp-content\/uploads\/2019\/12\/ONPT-01-300x300.jpg 300w, https:\/\/www.onersanasansor.com\/ar\/wp-content\/uploads\/2019\/12\/ONPT-01-768x768.jpg 768w, https:\/\/www.onersanasansor.com\/ar\/wp-content\/uploads\/2019\/12\/ONPT-01-480x480.jpg 480w, https:\/\/www.onersanasansor.com\/ar\/wp-content\/uploads\/2019\/12\/ONPT-01-720x720.jpg 720w\" sizes=\"auto, (max-width: 800px) 100vw, 800px\" \/><\/div><\/div><div class=\"category-all category- ozy_project\"><div class=\"featured-thumbnail\" style=\"background-image:url(https:\/\/www.onersanasansor.com\/ar\/wp-content\/uploads\/2019\/12\/ONPT-02.jpg);\"><div class=\"caption\"><h5 class=\"heading\"><a href=\"http:\/\/www.onersanasansor.com\/ar\/urunlerimiz\/onpt-02-poliuretan-asansor-tamponlari\/\" title=\"ONPT-02 Poli\u00fcretan Asans\u00f6r Tamponlar\u0131\" rel=\"bookmark\">ONPT-02 Poli\u00fcretan Asans\u00f6r Tamponlar\u0131<\/a><\/h5><div class=\"border\"><span><\/span><\/div><p><\/p><a href=\"https:\/\/www.onersanasansor.com\/ar\/wp-content\/uploads\/2019\/12\/ONPT-02.jpg\" class=\"fancybox plus-icon\" rel=\"project-gallery\" title=\"ONPT-02 Poli\u00fcretan Asans\u00f6r Tamponlar\u0131\"><i class=\"oic-plus-1\"><\/i><\/a><\/div><img loading=\"lazy\" decoding=\"async\" width=\"800\" height=\"800\" src=\"https:\/\/www.onersanasansor.com\/ar\/wp-content\/uploads\/2019\/12\/ONPT-02.jpg\" class=\"attachment-blog size-blog wp-post-image\" alt=\"\" srcset=\"https:\/\/www.onersanasansor.com\/ar\/wp-content\/uploads\/2019\/12\/ONPT-02.jpg 800w, https:\/\/www.onersanasansor.com\/ar\/wp-content\/uploads\/2019\/12\/ONPT-02-150x150.jpg 150w, https:\/\/www.onersanasansor.com\/ar\/wp-content\/uploads\/2019\/12\/ONPT-02-300x300.jpg 300w, https:\/\/www.onersanasansor.com\/ar\/wp-content\/uploads\/2019\/12\/ONPT-02-768x768.jpg 768w, https:\/\/www.onersanasansor.com\/ar\/wp-content\/uploads\/2019\/12\/ONPT-02-480x480.jpg 480w, https:\/\/www.onersanasansor.com\/ar\/wp-content\/uploads\/2019\/12\/ONPT-02-720x720.jpg 720w\" sizes=\"auto, (max-width: 800px) 100vw, 800px\" \/><\/div><\/div><div class=\"category-all category- ozy_project\"><div class=\"featured-thumbnail\" style=\"background-image:url(https:\/\/www.onersanasansor.com\/ar\/wp-content\/uploads\/2019\/09\/ONPT-poliuretan-asansor-tamponlari_p.jpg);\"><div class=\"caption\"><h5 class=\"heading\"><a href=\"http:\/\/www.onersanasansor.com\/ar\/urunlerimiz\/onpt-poliuretan-asansor-tamponlari\/\" title=\"ONPT-03 Poli\u00fcretan Asans\u00f6r Tamponlar\u0131\" rel=\"bookmark\">ONPT-03 Poli\u00fcretan Asans\u00f6r Tamponlar\u0131<\/a><\/h5><div class=\"border\"><span><\/span><\/div><p><\/p><a href=\"https:\/\/www.onersanasansor.com\/ar\/wp-content\/uploads\/2019\/09\/ONPT-poliuretan-asansor-tamponlari_p.jpg\" class=\"fancybox plus-icon\" rel=\"project-gallery\" title=\"ONPT-03 Poli\u00fcretan Asans\u00f6r Tamponlar\u0131\"><i class=\"oic-plus-1\"><\/i><\/a><\/div><img loading=\"lazy\" decoding=\"async\" width=\"500\" height=\"500\" src=\"https:\/\/www.onersanasansor.com\/ar\/wp-content\/uploads\/2019\/09\/ONPT-poliuretan-asansor-tamponlari_p.jpg\" class=\"attachment-blog size-blog wp-post-image\" alt=\"\" srcset=\"https:\/\/www.onersanasansor.com\/ar\/wp-content\/uploads\/2019\/09\/ONPT-poliuretan-asansor-tamponlari_p.jpg 500w, https:\/\/www.onersanasansor.com\/ar\/wp-content\/uploads\/2019\/09\/ONPT-poliuretan-asansor-tamponlari_p-150x150.jpg 150w, https:\/\/www.onersanasansor.com\/ar\/wp-content\/uploads\/2019\/09\/ONPT-poliuretan-asansor-tamponlari_p-300x300.jpg 300w, https:\/\/www.onersanasansor.com\/ar\/wp-content\/uploads\/2019\/09\/ONPT-poliuretan-asansor-tamponlari_p-480x480.jpg 480w\" sizes=\"auto, (max-width: 500px) 100vw, 500px\" \/><\/div><\/div><div class=\"category-all category- ozy_project\"><div class=\"featured-thumbnail\" style=\"background-image:url(https:\/\/www.onersanasansor.com\/ar\/wp-content\/uploads\/2019\/09\/ONKP-kabin-patenleri1_p.jpg);\"><div class=\"caption\"><h5 class=\"heading\"><a href=\"http:\/\/www.onersanasansor.com\/ar\/urunlerimiz\/onkp-01-kabin-pateni\/\" title=\"ONKP-01 Kabin Pateni\" rel=\"bookmark\">ONKP-01 Kabin Pateni<\/a><\/h5><div class=\"border\"><span><\/span><\/div><p><\/p><a href=\"https:\/\/www.onersanasansor.com\/ar\/wp-content\/uploads\/2019\/09\/ONKP-kabin-patenleri1_p.jpg\" class=\"fancybox plus-icon\" rel=\"project-gallery\" title=\"ONKP-01 Kabin Pateni\"><i class=\"oic-plus-1\"><\/i><\/a><\/div><img loading=\"lazy\" decoding=\"async\" width=\"500\" height=\"500\" src=\"https:\/\/www.onersanasansor.com\/ar\/wp-content\/uploads\/2019\/09\/ONKP-kabin-patenleri1_p.jpg\" class=\"attachment-blog size-blog wp-post-image\" alt=\"\" srcset=\"https:\/\/www.onersanasansor.com\/ar\/wp-content\/uploads\/2019\/09\/ONKP-kabin-patenleri1_p.jpg 500w, https:\/\/www.onersanasansor.com\/ar\/wp-content\/uploads\/2019\/09\/ONKP-kabin-patenleri1_p-150x150.jpg 150w, https:\/\/www.onersanasansor.com\/ar\/wp-content\/uploads\/2019\/09\/ONKP-kabin-patenleri1_p-300x300.jpg 300w, https:\/\/www.onersanasansor.com\/ar\/wp-content\/uploads\/2019\/09\/ONKP-kabin-patenleri1_p-480x480.jpg 480w\" sizes=\"auto, (max-width: 500px) 100vw, 500px\" \/><\/div><\/div><div class=\"category-all category- ozy_project\"><div class=\"featured-thumbnail\" style=\"background-image:url(https:\/\/www.onersanasansor.com\/ar\/wp-content\/uploads\/2019\/09\/ONKP-kabin-patenleri_p.jpg);\"><div class=\"caption\"><h5 class=\"heading\"><a href=\"http:\/\/www.onersanasansor.com\/ar\/urunlerimiz\/onkp-02-kabin-pateni\/\" title=\"ONKP-02 Kabin Pateni\" rel=\"bookmark\">ONKP-02 Kabin Pateni<\/a><\/h5><div class=\"border\"><span><\/span><\/div><p><\/p><a href=\"https:\/\/www.onersanasansor.com\/ar\/wp-content\/uploads\/2019\/09\/ONKP-kabin-patenleri_p.jpg\" class=\"fancybox plus-icon\" rel=\"project-gallery\" title=\"ONKP-02 Kabin Pateni\"><i class=\"oic-plus-1\"><\/i><\/a><\/div><img loading=\"lazy\" decoding=\"async\" width=\"500\" height=\"500\" src=\"https:\/\/www.onersanasansor.com\/ar\/wp-content\/uploads\/2019\/09\/ONKP-kabin-patenleri_p.jpg\" class=\"attachment-blog size-blog wp-post-image\" alt=\"\" srcset=\"https:\/\/www.onersanasansor.com\/ar\/wp-content\/uploads\/2019\/09\/ONKP-kabin-patenleri_p.jpg 500w, https:\/\/www.onersanasansor.com\/ar\/wp-content\/uploads\/2019\/09\/ONKP-kabin-patenleri_p-150x150.jpg 150w, https:\/\/www.onersanasansor.com\/ar\/wp-content\/uploads\/2019\/09\/ONKP-kabin-patenleri_p-300x300.jpg 300w, https:\/\/www.onersanasansor.com\/ar\/wp-content\/uploads\/2019\/09\/ONKP-kabin-patenleri_p-480x480.jpg 480w\" sizes=\"auto, (max-width: 500px) 100vw, 500px\" \/><\/div><\/div><div class=\"category-all category- ozy_project\"><div class=\"featured-thumbnail\" style=\"background-image:url(https:\/\/www.onersanasansor.com\/ar\/wp-content\/uploads\/2019\/09\/ONAP-01-agirlik-patani1_p.jpg);\"><div class=\"caption\"><h5 class=\"heading\"><a href=\"http:\/\/www.onersanasansor.com\/ar\/urunlerimiz\/onap-01-agirlik-pateni\/\" title=\"ONAP-01 A\u011f\u0131rl\u0131k Pateni\" rel=\"bookmark\">ONAP-01 A\u011f\u0131rl\u0131k Pateni<\/a><\/h5><div class=\"border\"><span><\/span><\/div><p><\/p><a href=\"https:\/\/www.onersanasansor.com\/ar\/wp-content\/uploads\/2019\/09\/ONAP-01-agirlik-patani1_p.jpg\" class=\"fancybox plus-icon\" rel=\"project-gallery\" title=\"ONAP-01 A\u011f\u0131rl\u0131k Pateni\"><i class=\"oic-plus-1\"><\/i><\/a><\/div><img loading=\"lazy\" decoding=\"async\" width=\"500\" height=\"500\" src=\"https:\/\/www.onersanasansor.com\/ar\/wp-content\/uploads\/2019\/09\/ONAP-01-agirlik-patani1_p.jpg\" class=\"attachment-blog size-blog wp-post-image\" alt=\"\" srcset=\"https:\/\/www.onersanasansor.com\/ar\/wp-content\/uploads\/2019\/09\/ONAP-01-agirlik-patani1_p.jpg 500w, https:\/\/www.onersanasansor.com\/ar\/wp-content\/uploads\/2019\/09\/ONAP-01-agirlik-patani1_p-150x150.jpg 150w, https:\/\/www.onersanasansor.com\/ar\/wp-content\/uploads\/2019\/09\/ONAP-01-agirlik-patani1_p-300x300.jpg 300w, https:\/\/www.onersanasansor.com\/ar\/wp-content\/uploads\/2019\/09\/ONAP-01-agirlik-patani1_p-480x480.jpg 480w\" sizes=\"auto, (max-width: 500px) 100vw, 500px\" \/><\/div><\/div><div class=\"category-all category- ozy_project\"><div class=\"featured-thumbnail\" style=\"background-image:url(https:\/\/www.onersanasansor.com\/ar\/wp-content\/uploads\/2019\/12\/ONYP-Paten-Plastikleri-1.jpg);\"><div class=\"caption\"><h5 class=\"heading\"><a href=\"http:\/\/www.onersanasansor.com\/ar\/urunlerimiz\/onyp-paten-plastikleri\/\" title=\"ONYP Paten Plastikleri\" rel=\"bookmark\">ONYP Paten Plastikleri<\/a><\/h5><div class=\"border\"><span><\/span><\/div><p><\/p><a href=\"https:\/\/www.onersanasansor.com\/ar\/wp-content\/uploads\/2019\/12\/ONYP-Paten-Plastikleri-1.jpg\" class=\"fancybox plus-icon\" rel=\"project-gallery\" title=\"ONYP Paten Plastikleri\"><i class=\"oic-plus-1\"><\/i><\/a><\/div><img loading=\"lazy\" decoding=\"async\" width=\"500\" height=\"500\" src=\"https:\/\/www.onersanasansor.com\/ar\/wp-content\/uploads\/2019\/12\/ONYP-Paten-Plastikleri-1.jpg\" class=\"attachment-blog size-blog wp-post-image\" alt=\"\" srcset=\"https:\/\/www.onersanasansor.com\/ar\/wp-content\/uploads\/2019\/12\/ONYP-Paten-Plastikleri-1.jpg 500w, https:\/\/www.onersanasansor.com\/ar\/wp-content\/uploads\/2019\/12\/ONYP-Paten-Plastikleri-1-150x150.jpg 150w, https:\/\/www.onersanasansor.com\/ar\/wp-content\/uploads\/2019\/12\/ONYP-Paten-Plastikleri-1-300x300.jpg 300w, https:\/\/www.onersanasansor.com\/ar\/wp-content\/uploads\/2019\/12\/ONYP-Paten-Plastikleri-1-480x480.jpg 480w\" sizes=\"auto, (max-width: 500px) 100vw, 500px\" \/><\/div><\/div><div class=\"category-all category- ozy_project\"><div class=\"featured-thumbnail\" style=\"background-image:url(https:\/\/www.onersanasansor.com\/ar\/wp-content\/uploads\/2019\/09\/ONP-paten-plastikleri_p.jpg);\"><div class=\"caption\"><h5 class=\"heading\"><a href=\"http:\/\/www.onersanasansor.com\/ar\/urunlerimiz\/onp-paten-plastikleri\/\" title=\"ONP Paten Plastikleri\" rel=\"bookmark\">ONP Paten Plastikleri<\/a><\/h5><div class=\"border\"><span><\/span><\/div><p><\/p><a href=\"https:\/\/www.onersanasansor.com\/ar\/wp-content\/uploads\/2019\/09\/ONP-paten-plastikleri_p.jpg\" class=\"fancybox plus-icon\" rel=\"project-gallery\" title=\"ONP Paten Plastikleri\"><i class=\"oic-plus-1\"><\/i><\/a><\/div><img loading=\"lazy\" decoding=\"async\" width=\"500\" height=\"500\" src=\"https:\/\/www.onersanasansor.com\/ar\/wp-content\/uploads\/2019\/09\/ONP-paten-plastikleri_p.jpg\" class=\"attachment-blog size-blog wp-post-image\" alt=\"\" srcset=\"https:\/\/www.onersanasansor.com\/ar\/wp-content\/uploads\/2019\/09\/ONP-paten-plastikleri_p.jpg 500w, https:\/\/www.onersanasansor.com\/ar\/wp-content\/uploads\/2019\/09\/ONP-paten-plastikleri_p-150x150.jpg 150w, https:\/\/www.onersanasansor.com\/ar\/wp-content\/uploads\/2019\/09\/ONP-paten-plastikleri_p-300x300.jpg 300w, https:\/\/www.onersanasansor.com\/ar\/wp-content\/uploads\/2019\/09\/ONP-paten-plastikleri_p-480x480.jpg 480w\" sizes=\"auto, (max-width: 500px) 100vw, 500px\" \/><\/div><\/div><div class=\"category-all category- ozy_project\"><div class=\"featured-thumbnail\" style=\"background-image:url(https:\/\/www.onersanasansor.com\/ar\/wp-content\/uploads\/2019\/12\/ony-01-yagdanlik-3.jpg);\"><div class=\"caption\"><h5 class=\"heading\"><a href=\"http:\/\/www.onersanasansor.com\/ar\/urunlerimiz\/ony-01-yagdanlik\/\" title=\"ONY-01 Ya\u011fdanl\u0131k\" rel=\"bookmark\">ONY-01 Ya\u011fdanl\u0131k<\/a><\/h5><div class=\"border\"><span><\/span><\/div><p><\/p><a href=\"https:\/\/www.onersanasansor.com\/ar\/wp-content\/uploads\/2019\/12\/ony-01-yagdanlik-3.jpg\" class=\"fancybox plus-icon\" rel=\"project-gallery\" title=\"ONY-01 Ya\u011fdanl\u0131k\"><i class=\"oic-plus-1\"><\/i><\/a><\/div><img loading=\"lazy\" decoding=\"async\" width=\"300\" height=\"300\" src=\"https:\/\/www.onersanasansor.com\/ar\/wp-content\/uploads\/2019\/12\/ony-01-yagdanlik-3.jpg\" class=\"attachment-blog size-blog wp-post-image\" alt=\"\" srcset=\"https:\/\/www.onersanasansor.com\/ar\/wp-content\/uploads\/2019\/12\/ony-01-yagdanlik-3.jpg 300w, https:\/\/www.onersanasansor.com\/ar\/wp-content\/uploads\/2019\/12\/ony-01-yagdanlik-3-150x150.jpg 150w\" sizes=\"auto, (max-width: 300px) 100vw, 300px\" \/><\/div><\/div><div class=\"category-all category- ozy_project\"><div class=\"featured-thumbnail\" style=\"background-image:url(https:\/\/www.onersanasansor.com\/ar\/wp-content\/uploads\/2019\/09\/ONYT-01-yag-toplama-kabi_p.jpg);\"><div class=\"caption\"><h5 class=\"heading\"><a href=\"http:\/\/www.onersanasansor.com\/ar\/urunlerimiz\/onyt-01-yag-toplama-kabi\/\" title=\"ONYT-01 Ya\u011f Toplama Kab\u0131\" rel=\"bookmark\">ONYT-01 Ya\u011f Toplama Kab\u0131<\/a><\/h5><div class=\"border\"><span><\/span><\/div><p><\/p><a href=\"https:\/\/www.onersanasansor.com\/ar\/wp-content\/uploads\/2019\/09\/ONYT-01-yag-toplama-kabi_p.jpg\" class=\"fancybox plus-icon\" rel=\"project-gallery\" title=\"ONYT-01 Ya\u011f Toplama Kab\u0131\"><i class=\"oic-plus-1\"><\/i><\/a><\/div><img loading=\"lazy\" decoding=\"async\" width=\"500\" height=\"500\" src=\"https:\/\/www.onersanasansor.com\/ar\/wp-content\/uploads\/2019\/09\/ONYT-01-yag-toplama-kabi_p.jpg\" class=\"attachment-blog size-blog wp-post-image\" alt=\"\" srcset=\"https:\/\/www.onersanasansor.com\/ar\/wp-content\/uploads\/2019\/09\/ONYT-01-yag-toplama-kabi_p.jpg 500w, https:\/\/www.onersanasansor.com\/ar\/wp-content\/uploads\/2019\/09\/ONYT-01-yag-toplama-kabi_p-150x150.jpg 150w, https:\/\/www.onersanasansor.com\/ar\/wp-content\/uploads\/2019\/09\/ONYT-01-yag-toplama-kabi_p-300x300.jpg 300w, https:\/\/www.onersanasansor.com\/ar\/wp-content\/uploads\/2019\/09\/ONYT-01-yag-toplama-kabi_p-480x480.jpg 480w\" sizes=\"auto, (max-width: 500px) 100vw, 500px\" \/><\/div><\/div><\/div>[\/vc_column][\/vc_row]<\/p>\n","protected":false},"excerpt":{"rendered":"<p>[vc_row bg_parallax=&#8221;off&#8221; bg_slider=&#8221;off&#8221; bg_video=&#8221;off&#8221; bottom_button=&#8221;off&#8221; css=&#8221;.vc_custom_1568109551422{margin-top: 0px !important;margin-bottom: 0px !important;padding-top: 40px !important;padding-bottom: 80px !important;}&#8221; font_color=&#8221;#ffffff&#8221; row_id=&#8221;projects&#8221;][vc_column][\/vc_column][\/vc_row]<\/p>\n","protected":false},"author":1,"featured_media":0,"parent":0,"menu_order":0,"comment_status":"open","ping_status":"open","template":"","meta":{"footnotes":"","_links_to":"","_links_to_target":""},"class_list":["post-130","page","type-page","status-publish","hentry","has_thumb"],"_links":{"self":[{"href":"https:\/\/www.onersanasansor.com\/ar\/wp-json\/wp\/v2\/pages\/130","targetHints":{"allow":["GET"]}}],"collection":[{"href":"https:\/\/www.onersanasansor.com\/ar\/wp-json\/wp\/v2\/pages"}],"about":[{"href":"https:\/\/www.onersanasansor.com\/ar\/wp-json\/wp\/v2\/types\/page"}],"author":[{"embeddable":true,"href":"https:\/\/www.onersanasansor.com\/ar\/wp-json\/wp\/v2\/users\/1"}],"replies":[{"embeddable":true,"href":"https:\/\/www.onersanasansor.com\/ar\/wp-json\/wp\/v2\/comments?post=130"}],"version-history":[{"count":9,"href":"https:\/\/www.onersanasansor.com\/ar\/wp-json\/wp\/v2\/pages\/130\/revisions"}],"predecessor-version":[{"id":2378,"href":"https:\/\/www.onersanasansor.com\/ar\/wp-json\/wp\/v2\/pages\/130\/revisions\/2378"}],"wp:attachment":[{"href":"https:\/\/www.onersanasansor.com\/ar\/wp-json\/wp\/v2\/media?parent=130"}],"curies":[{"name":"wp","href":"https:\/\/api.w.org\/{rel}","templated":true}]}}