{"id":1807,"date":"2019-09-10T10:45:43","date_gmt":"2019-09-10T07:45:43","guid":{"rendered":"http:\/\/www.onersanasansor.com\/ar\/?page_id=1807"},"modified":"2019-12-16T10:34:10","modified_gmt":"2019-12-16T07:34:10","slug":"on-03-cift-emniyetli-asansor-kapi-kilidi","status":"publish","type":"page","link":"https:\/\/www.onersanasansor.com\/ar\/urunlerimiz\/on-03-cift-emniyetli-asansor-kapi-kilidi\/","title":{"rendered":"ON-03 \u00c7ift Emniyetli Asans\u00f6r Kap\u0131 Kilidi"},"content":{"rendered":"<p>[vc_row][vc_column]<h3 class=\"ozy-divider-cap-left wpb_content_element\">ON-03 \u00c7ift Emniyetli Asans\u00f6r Kap\u0131 Kilidi<\/h3><div class=\"ozy-content-divider \" style=\"border-top-style:solid;border-top-width:2px;border-top-color:#dda146;width:50px;max-width:50px;float:left;\"><\/div>[vc_row_inner css=&#8221;.vc_custom_1568101144080{margin-top: 15px !important;}&#8221;][vc_column_inner][vc_single_image image=&#8221;1956&#8243; img_size=&#8221;full&#8221; style=&#8221;vc_box_outline&#8221; onclick=&#8221;link_image&#8221;][\/vc_column_inner][\/vc_row_inner][vc_row_inner][vc_column_inner][vc_column_text]<\/p>\n<h4>* Elektrostatik boya korumal\u0131 al\u00fcminyum g\u00f6vde<br \/>\n* Uzun \u00f6m\u00fcrl\u00fc \u00e7al\u0131\u015fma<br \/>\n* l. S\u0131n\u0131f i\u015f\u00e7ilik<br \/>\n* Tasar\u0131m tescilli<br \/>\n* CE Sertifikal\u0131<\/h4>\n<p>[\/vc_column_text][\/vc_column_inner][\/vc_row_inner][vc_row_inner][vc_column_inner][vc_column_text]<img loading=\"lazy\" decoding=\"async\" class=\"alignnone size-full wp-image-1921\" src=\"http:\/\/www.onersanasansor.com\/ar\/wp-content\/uploads\/2019\/09\/on-03_\u00e7ift_emniyetli_asans\u00f6r_kap\u0131_kilidi.jpg\" alt=\"\" width=\"997\" height=\"162\" srcset=\"https:\/\/www.onersanasansor.com\/ar\/wp-content\/uploads\/2019\/09\/on-03_\u00e7ift_emniyetli_asans\u00f6r_kap\u0131_kilidi.jpg 997w, https:\/\/www.onersanasansor.com\/ar\/wp-content\/uploads\/2019\/09\/on-03_\u00e7ift_emniyetli_asans\u00f6r_kap\u0131_kilidi-300x49.jpg 300w, https:\/\/www.onersanasansor.com\/ar\/wp-content\/uploads\/2019\/09\/on-03_\u00e7ift_emniyetli_asans\u00f6r_kap\u0131_kilidi-768x125.jpg 768w\" sizes=\"auto, (max-width: 997px) 100vw, 997px\" \/>[\/vc_column_text][\/vc_column_inner][\/vc_row_inner][\/vc_column][\/vc_row]<\/p>\n","protected":false},"excerpt":{"rendered":"<p>[vc_row][vc_column][vc_row_inner css=&#8221;.vc_custom_1568101144080{margin-top: 15px !important;}&#8221;][vc_column_inner][vc_single_image image=&#8221;1956&#8243; img_size=&#8221;full&#8221; style=&#8221;vc_box_outline&#8221; onclick=&#8221;link_image&#8221;][\/vc_column_inner][\/vc_row_inner][vc_row_inner][vc_column_inner][vc_column_text] * Elektrostatik boya korumal\u0131 al\u00fcminyum g\u00f6vde * Uzun \u00f6m\u00fcrl\u00fc \u00e7al\u0131\u015fma * l. S\u0131n\u0131f i\u015f\u00e7ilik * Tasar\u0131m tescilli * CE Sertifikal\u0131 [\/vc_column_text][\/vc_column_inner][\/vc_row_inner][vc_row_inner][vc_column_inner][vc_column_text][\/vc_column_text][\/vc_column_inner][\/vc_row_inner][\/vc_column][\/vc_row]<\/p>\n","protected":false},"author":1,"featured_media":0,"parent":130,"menu_order":0,"comment_status":"closed","ping_status":"closed","template":"","meta":{"footnotes":"","_links_to":"","_links_to_target":""},"class_list":["post-1807","page","type-page","status-publish","hentry"],"_links":{"self":[{"href":"https:\/\/www.onersanasansor.com\/ar\/wp-json\/wp\/v2\/pages\/1807","targetHints":{"allow":["GET"]}}],"collection":[{"href":"https:\/\/www.onersanasansor.com\/ar\/wp-json\/wp\/v2\/pages"}],"about":[{"href":"https:\/\/www.onersanasansor.com\/ar\/wp-json\/wp\/v2\/types\/page"}],"author":[{"embeddable":true,"href":"https:\/\/www.onersanasansor.com\/ar\/wp-json\/wp\/v2\/users\/1"}],"replies":[{"embeddable":true,"href":"https:\/\/www.onersanasansor.com\/ar\/wp-json\/wp\/v2\/comments?post=1807"}],"version-history":[{"count":8,"href":"https:\/\/www.onersanasansor.com\/ar\/wp-json\/wp\/v2\/pages\/1807\/revisions"}],"predecessor-version":[{"id":1934,"href":"https:\/\/www.onersanasansor.com\/ar\/wp-json\/wp\/v2\/pages\/1807\/revisions\/1934"}],"up":[{"embeddable":true,"href":"https:\/\/www.onersanasansor.com\/ar\/wp-json\/wp\/v2\/pages\/130"}],"wp:attachment":[{"href":"https:\/\/www.onersanasansor.com\/ar\/wp-json\/wp\/v2\/media?parent=1807"}],"curies":[{"name":"wp","href":"https:\/\/api.w.org\/{rel}","templated":true}]}}