{"id":1816,"date":"2019-09-10T10:49:20","date_gmt":"2019-09-10T07:49:20","guid":{"rendered":"http:\/\/www.onersanasansor.com\/ar\/?page_id=1816"},"modified":"2019-12-16T10:35:53","modified_gmt":"2019-12-16T07:35:53","slug":"onpt-01-poliuretan-asansor-tamponlari","status":"publish","type":"page","link":"https:\/\/www.onersanasansor.com\/ar\/urunlerimiz\/onpt-01-poliuretan-asansor-tamponlari\/","title":{"rendered":"ONPT-01 Poli\u00fcretan Asans\u00f6r Tamponlar\u0131"},"content":{"rendered":"<p>[vc_row][vc_column]<h3 class=\"ozy-divider-cap-left wpb_content_element\">ONPT-01 Poli\u00fcretan Asans\u00f6r Tamponlar\u0131<\/h3><div class=\"ozy-content-divider \" style=\"border-top-style:solid;border-top-width:2px;border-top-color:#00253f;width:50px;max-width:50px;float:left;\"><\/div>[vc_row_inner css=&#8221;.vc_custom_1568101144080{margin-top: 15px !important;}&#8221;][vc_column_inner][vc_single_image image=&#8221;2206&#8243; img_size=&#8221;full&#8221; style=&#8221;vc_box_outline&#8221; onclick=&#8221;link_image&#8221;][\/vc_column_inner][\/vc_row_inner][vc_row_inner][vc_column_inner][vc_column_text]<img loading=\"lazy\" decoding=\"async\" class=\"alignnone size-full wp-image-2203\" src=\"http:\/\/www.onersanasansor.com\/ar\/wp-content\/uploads\/2019\/12\/onpt_01_poliuretan_tampon.jpg\" alt=\"\" width=\"1000\" height=\"305\" srcset=\"https:\/\/www.onersanasansor.com\/ar\/wp-content\/uploads\/2019\/12\/onpt_01_poliuretan_tampon.jpg 1000w, https:\/\/www.onersanasansor.com\/ar\/wp-content\/uploads\/2019\/12\/onpt_01_poliuretan_tampon-300x92.jpg 300w, https:\/\/www.onersanasansor.com\/ar\/wp-content\/uploads\/2019\/12\/onpt_01_poliuretan_tampon-768x234.jpg 768w\" sizes=\"auto, (max-width: 1000px) 100vw, 1000px\" \/>[\/vc_column_text][vc_column_text]<\/p>\n<ul>\n<li>\n<h4>EN 81-20, EN 81-50, 2014\/33\/EU Standartlar\u0131na ve Y\u00f6netmeli\u011fe uygundur<\/h4>\n<\/li>\n<\/ul>\n<p>[\/vc_column_text][\/vc_column_inner][\/vc_row_inner][\/vc_column][\/vc_row]<\/p>\n","protected":false},"excerpt":{"rendered":"<p>[vc_row][vc_column][vc_row_inner css=&#8221;.vc_custom_1568101144080{margin-top: 15px !important;}&#8221;][vc_column_inner][vc_single_image image=&#8221;2206&#8243; img_size=&#8221;full&#8221; style=&#8221;vc_box_outline&#8221; onclick=&#8221;link_image&#8221;][\/vc_column_inner][\/vc_row_inner][vc_row_inner][vc_column_inner][vc_column_text][\/vc_column_text][vc_column_text] EN 81-20, EN 81-50, 2014\/33\/EU Standartlar\u0131na ve Y\u00f6netmeli\u011fe uygundur [\/vc_column_text][\/vc_column_inner][\/vc_row_inner][\/vc_column][\/vc_row]<\/p>\n","protected":false},"author":1,"featured_media":0,"parent":130,"menu_order":0,"comment_status":"closed","ping_status":"closed","template":"","meta":{"footnotes":"","_links_to":"","_links_to_target":""},"class_list":["post-1816","page","type-page","status-publish","hentry"],"_links":{"self":[{"href":"https:\/\/www.onersanasansor.com\/ar\/wp-json\/wp\/v2\/pages\/1816","targetHints":{"allow":["GET"]}}],"collection":[{"href":"https:\/\/www.onersanasansor.com\/ar\/wp-json\/wp\/v2\/pages"}],"about":[{"href":"https:\/\/www.onersanasansor.com\/ar\/wp-json\/wp\/v2\/types\/page"}],"author":[{"embeddable":true,"href":"https:\/\/www.onersanasansor.com\/ar\/wp-json\/wp\/v2\/users\/1"}],"replies":[{"embeddable":true,"href":"https:\/\/www.onersanasansor.com\/ar\/wp-json\/wp\/v2\/comments?post=1816"}],"version-history":[{"count":8,"href":"https:\/\/www.onersanasansor.com\/ar\/wp-json\/wp\/v2\/pages\/1816\/revisions"}],"predecessor-version":[{"id":2211,"href":"https:\/\/www.onersanasansor.com\/ar\/wp-json\/wp\/v2\/pages\/1816\/revisions\/2211"}],"up":[{"embeddable":true,"href":"https:\/\/www.onersanasansor.com\/ar\/wp-json\/wp\/v2\/pages\/130"}],"wp:attachment":[{"href":"https:\/\/www.onersanasansor.com\/ar\/wp-json\/wp\/v2\/media?parent=1816"}],"curies":[{"name":"wp","href":"https:\/\/api.w.org\/{rel}","templated":true}]}}