{"id":1822,"date":"2019-09-10T10:52:03","date_gmt":"2019-09-10T07:52:03","guid":{"rendered":"http:\/\/www.onersanasansor.com\/ar\/?page_id=1822"},"modified":"2019-12-16T10:39:52","modified_gmt":"2019-12-16T07:39:52","slug":"onap-01-agirlik-pateni","status":"publish","type":"page","link":"https:\/\/www.onersanasansor.com\/ar\/urunlerimiz\/onap-01-agirlik-pateni\/","title":{"rendered":"ONAP-01 A\u011f\u0131rl\u0131k Pateni"},"content":{"rendered":"<p>[vc_row][vc_column]<h3 class=\"ozy-divider-cap-left wpb_content_element\">ONAP-01 A\u011f\u0131rl\u0131k Pateni<\/h3><div class=\"ozy-content-divider \" style=\"border-top-style:solid;border-top-width:2px;border-top-color:#dda146;width:50px;max-width:50px;float:left;\"><\/div>[vc_row_inner css=&#8221;.vc_custom_1568101144080{margin-top: 15px !important;}&#8221;][vc_column_inner][vc_single_image image=&#8221;1968&#8243; img_size=&#8221;full&#8221; style=&#8221;vc_box_outline&#8221; onclick=&#8221;link_image&#8221;][\/vc_column_inner][\/vc_row_inner][vc_row_inner][vc_column_inner width=&#8221;1\/2&#8243;][\/vc_column_inner][vc_column_inner width=&#8221;1\/2&#8243;][\/vc_column_inner][\/vc_row_inner][\/vc_column][\/vc_row]<\/p>\n","protected":false},"excerpt":{"rendered":"<p>[vc_row][vc_column][vc_row_inner css=&#8221;.vc_custom_1568101144080{margin-top: 15px !important;}&#8221;][vc_column_inner][vc_single_image image=&#8221;1968&#8243; img_size=&#8221;full&#8221; style=&#8221;vc_box_outline&#8221; onclick=&#8221;link_image&#8221;][\/vc_column_inner][\/vc_row_inner][vc_row_inner][vc_column_inner width=&#8221;1\/2&#8243;][\/vc_column_inner][vc_column_inner width=&#8221;1\/2&#8243;][\/vc_column_inner][\/vc_row_inner][\/vc_column][\/vc_row]<\/p>\n","protected":false},"author":1,"featured_media":0,"parent":130,"menu_order":0,"comment_status":"closed","ping_status":"closed","template":"","meta":{"footnotes":"","_links_to":"","_links_to_target":""},"class_list":["post-1822","page","type-page","status-publish","hentry"],"_links":{"self":[{"href":"https:\/\/www.onersanasansor.com\/ar\/wp-json\/wp\/v2\/pages\/1822","targetHints":{"allow":["GET"]}}],"collection":[{"href":"https:\/\/www.onersanasansor.com\/ar\/wp-json\/wp\/v2\/pages"}],"about":[{"href":"https:\/\/www.onersanasansor.com\/ar\/wp-json\/wp\/v2\/types\/page"}],"author":[{"embeddable":true,"href":"https:\/\/www.onersanasansor.com\/ar\/wp-json\/wp\/v2\/users\/1"}],"replies":[{"embeddable":true,"href":"https:\/\/www.onersanasansor.com\/ar\/wp-json\/wp\/v2\/comments?post=1822"}],"version-history":[{"count":5,"href":"https:\/\/www.onersanasansor.com\/ar\/wp-json\/wp\/v2\/pages\/1822\/revisions"}],"predecessor-version":[{"id":2339,"href":"https:\/\/www.onersanasansor.com\/ar\/wp-json\/wp\/v2\/pages\/1822\/revisions\/2339"}],"up":[{"embeddable":true,"href":"https:\/\/www.onersanasansor.com\/ar\/wp-json\/wp\/v2\/pages\/130"}],"wp:attachment":[{"href":"https:\/\/www.onersanasansor.com\/ar\/wp-json\/wp\/v2\/media?parent=1822"}],"curies":[{"name":"wp","href":"https:\/\/api.w.org\/{rel}","templated":true}]}}