{"id":2087,"date":"2019-12-04T13:56:49","date_gmt":"2019-12-04T10:56:49","guid":{"rendered":"http:\/\/www.onersanasansor.com\/ar\/?page_id=2087"},"modified":"2019-12-13T10:40:12","modified_gmt":"2019-12-13T07:40:12","slug":"teklif-formu","status":"publish","type":"page","link":"https:\/\/www.onersanasansor.com\/ar\/teklif-formu\/","title":{"rendered":"\u0646\u0645\u0648\u0630\u062c \u0627\u0644\u0639\u0631\u0636"},"content":{"rendered":"<p>[vc_row][vc_column][vc_column_text css=&#8221;.vc_custom_1576222604732{margin-top: 20px !important;margin-bottom: 30px !important;}&#8221;]<\/p>\n<div id=\"tw-target-text-container\" class=\"tw-ta-container tw-lfl\">\n<pre id=\"tw-target-text\" class=\"tw-data-text tw-text-large tw-ta\" dir=\"rtl\" data-placeholder=\"\u00c7eviri\"><span lang=\"ar\" tabindex=\"0\">\u0639\u0646\u062f\u0645\u0627 \u062a\u0631\u0633\u0644 \u0627\u0644\u0633\u0639\u0631 \u0639\u0646 \u0637\u0631\u064a\u0642 \u062a\u062d\u062f\u064a\u062f \u0643\u0645\u064a\u0629 \u0627\u0644\u0645\u0646\u062a\u062c \u0627\u0644\u0630\u064a \u062a\u0631\u064a\u062f \u0627\u0644\u062d\u0635\u0648\u0644 \u0639\u0644\u0649 \u0639\u0631\u0636 \u0623\u0633\u0639\u0627\u0631 \u060c \u0633\u062a\u0639\u0648\u062f \u0625\u0644\u064a\u0643 \u0633\u0644\u0637\u0627\u062a\u0646\u0627 \u0625\u0644\u064a\u0643 \u0641\u064a \u0623\u0642\u0631\u0628 \u0648\u0642\u062a \u0645\u0645\u0643\u0646.<\/span><\/pre>\n<\/div>\n<div id=\"z6maec\" class=\"tw-ta-container tw-nfl\"><\/div>\n<p>[\/vc_column_text]<div role=\"form\" class=\"wpcf7\" id=\"wpcf7-f2097-o1\" lang=\"tr-TR\" dir=\"ltr\">\n<div class=\"screen-reader-response\"><\/div>\n<form action=\"\/ar\/wp-json\/wp\/v2\/pages\/2087#wpcf7-f2097-o1\" method=\"post\" class=\"wpcf7-form\" novalidate=\"novalidate\">\n<div style=\"display: none;\">\n<input type=\"hidden\" name=\"_wpcf7\" value=\"2097\" \/>\n<input type=\"hidden\" name=\"_wpcf7_version\" value=\"5.1.6\" \/>\n<input type=\"hidden\" name=\"_wpcf7_locale\" value=\"tr_TR\" \/>\n<input type=\"hidden\" name=\"_wpcf7_unit_tag\" value=\"wpcf7-f2097-o1\" \/>\n<input type=\"hidden\" name=\"_wpcf7_container_post\" value=\"0\" \/>\n<\/div>\n<p class=\"ozy-half-input\"><span class=\"wpcf7-form-control-wrap your-name\"><input type=\"text\" name=\"your-name\" value=\"\" size=\"40\" class=\"wpcf7-form-control wpcf7-text wpcf7-validates-as-required\" aria-required=\"true\" aria-invalid=\"false\" placeholder=\"\u0627\u0644\u0627\u0633\u0645 \u0627\u0644\u0643\u0646\u064a\u0629*\" \/><\/span><\/p>\n<p class=\"ozy-half-input-last\"><span class=\"wpcf7-form-control-wrap firma-adi\"><input type=\"text\" name=\"firma-adi\" value=\"\" size=\"40\" class=\"wpcf7-form-control wpcf7-text\" aria-invalid=\"false\" placeholder=\"\u0627\u0633\u0645 \u0627\u0644\u0634\u0631\u0643\u0629\" \/><\/span><\/p>\n<p class=\"ozy-half-input\"><span class=\"wpcf7-form-control-wrap your-email\"><input type=\"email\" name=\"your-email\" value=\"\" size=\"40\" class=\"wpcf7-form-control wpcf7-text wpcf7-email wpcf7-validates-as-required wpcf7-validates-as-email\" aria-required=\"true\" aria-invalid=\"false\" placeholder=\"\u0639\u0646\u0648\u0627\u0646 \u0627\u0644\u0628\u0631\u064a\u062f \u0627\u0644\u0625\u0644\u0643\u062a\u0631\u0648\u0646\u064a *\" \/><\/span><\/p>\n<p class=\"ozy-half-input-last\"><span class=\"wpcf7-form-control-wrap telefon\"><input type=\"text\" name=\"telefon\" value=\"\" size=\"40\" class=\"wpcf7-form-control wpcf7-text\" aria-invalid=\"false\" placeholder=\"\u0647\u0627\u062a\u0641*\" \/><\/span><\/p>\n<div class=\"f-urun-bg\">\n<div class=\"f-urun-kutu\">\n<div class=\"urun-adi\">ON-05 Asans\u00f6r Durak Kap\u0131s\u0131 Kilit A\u00e7ma Magneti<\/div>\n<div class=\"f-u-resim\"><img decoding=\"async\" src=\"http:\/\/www.onersanasansor.com\/ar\/wp-content\/uploads\/2019\/09\/ON-05-asansor_p.jpg\"><\/div>\n<div class=\"u-adet\"><span class=\"wpcf7-form-control-wrap adet-1\"><input type=\"number\" name=\"adet-1\" value=\"\" class=\"wpcf7-form-control wpcf7-number wpcf7-validates-as-number\" aria-invalid=\"false\" placeholder=\"0\" \/><\/span><\/div>\n<div class=\"u-adet-yazi\"><span class=\"wpcf7-form-control-wrap placeholder\"><input type=\"text\" name=\"placeholder\" value=\"\u0639\u062f\u062f\" size=\"40\" class=\"wpcf7-form-control wpcf7-text\" aria-invalid=\"false\" \/><\/span><\/div>\n<\/div>\n<div class=\"f-urun-kutu\">\n<div class=\"urun-adi\">On-01 Asans\u00f6r Durak Kap\u0131s\u0131 Kilit A\u00e7ma Magneti<\/div>\n<div class=\"f-u-resim\"><img decoding=\"async\" src=\"http:\/\/www.onersanasansor.com\/ar\/wp-content\/uploads\/2019\/09\/ON-01-asansor-gurak-kapisi1_p.jpg\"><\/div>\n<div class=\"u-adet\"><span class=\"wpcf7-form-control-wrap adet-2\"><input type=\"number\" name=\"adet-2\" value=\"\" class=\"wpcf7-form-control wpcf7-number wpcf7-validates-as-number\" aria-invalid=\"false\" placeholder=\"0\" \/><\/span><\/div>\n<div class=\"u-adet-yazi\"><span class=\"wpcf7-form-control-wrap placeholder\"><input type=\"text\" name=\"placeholder\" value=\"\u0639\u062f\u062f\" size=\"40\" class=\"wpcf7-form-control wpcf7-text\" aria-invalid=\"false\" \/><\/span><\/div>\n<\/div>\n<div class=\"f-urun-kutu\">\n<div class=\"urun-adi\">ON-03 \u00c7ift Emniyetli Asans\u00f6r Kap\u0131 Kilidi<\/div>\n<div class=\"f-u-resim\"><img decoding=\"async\" src=\"http:\/\/www.onersanasansor.com\/ar\/wp-content\/uploads\/2019\/09\/ON-03-cift-emniyetli-asansor-kapi-kilidi2_p.jpg\"><\/div>\n<div class=\"u-adet\"><span class=\"wpcf7-form-control-wrap adet-3\"><input type=\"number\" name=\"adet-3\" value=\"\" class=\"wpcf7-form-control wpcf7-number wpcf7-validates-as-number\" aria-invalid=\"false\" placeholder=\"0\" \/><\/span><\/div>\n<div class=\"u-adet-yazi\"><span class=\"wpcf7-form-control-wrap placeholder\"><input type=\"text\" name=\"placeholder\" value=\"\u0639\u062f\u062f\" size=\"40\" class=\"wpcf7-form-control wpcf7-text\" aria-invalid=\"false\" \/><\/span><\/div>\n<\/div>\n<div class=\"f-urun-kutu\">\n<div class=\"urun-adi\">ON-04 \u00c7ift Emniyetli Asans\u00f6r Kap\u0131 Kilidi<\/div>\n<div class=\"f-u-resim\"><img decoding=\"async\" src=\"http:\/\/www.onersanasansor.com\/ar\/wp-content\/uploads\/2019\/09\/ON-04-cift-emniyetli-asansor-kapi-kilidi2_p.jpg\"><\/div>\n<div class=\"u-adet\"><span class=\"wpcf7-form-control-wrap adet-4\"><input type=\"number\" name=\"adet-4\" value=\"\" class=\"wpcf7-form-control wpcf7-number wpcf7-validates-as-number\" aria-invalid=\"false\" placeholder=\"0\" \/><\/span><\/div>\n<div class=\"u-adet-yazi\"><span class=\"wpcf7-form-control-wrap placeholder\"><input type=\"text\" name=\"placeholder\" value=\"\u0639\u062f\u062f\" size=\"40\" class=\"wpcf7-form-control wpcf7-text\" aria-invalid=\"false\" \/><\/span><\/div>\n<\/div>\n<div class=\"f-urun-kutu\">\n<div class=\"urun-adi\">ONF-01 \u00c7ift Y\u00f6nl\u00fc Kayma Fren<\/div>\n<div class=\"f-u-resim\"><img decoding=\"async\" src=\"http:\/\/www.onersanasansor.com\/ar\/wp-content\/uploads\/2019\/09\/ONF-01-cift-yonlu-kayma-freni_p.jpg\"><\/div>\n<div class=\"u-adet\"><span class=\"wpcf7-form-control-wrap adet-5\"><input type=\"number\" name=\"adet-5\" value=\"\" class=\"wpcf7-form-control wpcf7-number wpcf7-validates-as-number\" aria-invalid=\"false\" placeholder=\"0\" \/><\/span><\/div>\n<div class=\"u-adet-yazi\"><span class=\"wpcf7-form-control-wrap placeholder\"><input type=\"text\" name=\"placeholder\" value=\"\u0639\u062f\u062f\" size=\"40\" class=\"wpcf7-form-control wpcf7-text\" aria-invalid=\"false\" \/><\/span><\/div>\n<\/div>\n<div class=\"f-urun-kutu\">\n<div class=\"urun-adi\">ONBF-01 Boy Fotosel<\/div>\n<div class=\"f-u-resim\"><img decoding=\"async\" src=\"http:\/\/www.onersanasansor.com\/ar\/wp-content\/uploads\/2019\/09\/ONBF-01-BOY-FOTOSEL_p.jpg\"><\/div>\n<div class=\"u-adet\"><span class=\"wpcf7-form-control-wrap adet-6\"><input type=\"number\" name=\"adet-6\" value=\"\" class=\"wpcf7-form-control wpcf7-number wpcf7-validates-as-number\" aria-invalid=\"false\" placeholder=\"0\" \/><\/span><\/div>\n<div class=\"u-adet-yazi\"><span class=\"wpcf7-form-control-wrap placeholder\"><input type=\"text\" name=\"placeholder\" value=\"\u0639\u062f\u062f\" size=\"40\" class=\"wpcf7-form-control wpcf7-text\" aria-invalid=\"false\" \/><\/span><\/div>\n<\/div>\n<div class=\"f-urun-kutu\">\n<div class=\"urun-adi\">ONPT-01 Poli\u00fcretan Asans\u00f6r Tamponlar\u0131<\/div>\n<div class=\"f-u-resim\"><img decoding=\"async\" src=\"http:\/\/www.onersanasansor.com\/ar\/wp-content\/uploads\/2019\/12\/ONPT-01.jpg\"><\/div>\n<div class=\"u-adet\"><span class=\"wpcf7-form-control-wrap adet-7\"><input type=\"number\" name=\"adet-7\" value=\"\" class=\"wpcf7-form-control wpcf7-number wpcf7-validates-as-number\" aria-invalid=\"false\" placeholder=\"0\" \/><\/span><\/div>\n<div class=\"u-adet-yazi\"><span class=\"wpcf7-form-control-wrap placeholder\"><input type=\"text\" name=\"placeholder\" value=\"\u0639\u062f\u062f\" size=\"40\" class=\"wpcf7-form-control wpcf7-text\" aria-invalid=\"false\" \/><\/span><\/div>\n<\/div>\n<div class=\"f-urun-kutu\">\n<div class=\"urun-adi\">ONPT-02 Poli\u00fcretan Asans\u00f6r Tamponlar\u0131<\/div>\n<div class=\"f-u-resim\"><img decoding=\"async\" src=\"http:\/\/www.onersanasansor.com\/ar\/wp-content\/uploads\/2019\/12\/ONPT-02.jpg\"><\/div>\n<div class=\"u-adet\"><span class=\"wpcf7-form-control-wrap adet-8\"><input type=\"number\" name=\"adet-8\" value=\"\" class=\"wpcf7-form-control wpcf7-number wpcf7-validates-as-number\" aria-invalid=\"false\" placeholder=\"0\" \/><\/span><\/div>\n<div class=\"u-adet-yazi\"><span class=\"wpcf7-form-control-wrap placeholder\"><input type=\"text\" name=\"placeholder\" value=\"\u0639\u062f\u062f\" size=\"40\" class=\"wpcf7-form-control wpcf7-text\" aria-invalid=\"false\" \/><\/span><\/div>\n<\/div>\n<div class=\"f-urun-kutu\">\n<div class=\"urun-adi\">ONPT-03 Poli\u00fcretan Asans\u00f6r Tamponlar\u0131<\/div>\n<div class=\"f-u-resim\"><img decoding=\"async\" src=\"http:\/\/www.onersanasansor.com\/ar\/wp-content\/uploads\/2019\/09\/ONPT-poliuretan-asansor-tamponlari_p.jpg\"><\/div>\n<div class=\"u-adet\"><span class=\"wpcf7-form-control-wrap adet-9\"><input type=\"number\" name=\"adet-9\" value=\"\" class=\"wpcf7-form-control wpcf7-number wpcf7-validates-as-number\" aria-invalid=\"false\" placeholder=\"0\" \/><\/span><\/div>\n<div class=\"u-adet-yazi\"><span class=\"wpcf7-form-control-wrap placeholder\"><input type=\"text\" name=\"placeholder\" value=\"\u0639\u062f\u062f\" size=\"40\" class=\"wpcf7-form-control wpcf7-text\" aria-invalid=\"false\" \/><\/span><\/div>\n<\/div>\n<div class=\"f-urun-kutu\">\n<div class=\"urun-adi\">ONKP-01 Kabin Pateni<\/div>\n<div class=\"f-u-resim\"><img decoding=\"async\" src=\"http:\/\/www.onersanasansor.com\/ar\/wp-content\/uploads\/2019\/09\/ONKP-kabin-patenleri1_p.jpg\"><\/div>\n<div class=\"u-adet\"><span class=\"wpcf7-form-control-wrap adet-10\"><input type=\"number\" name=\"adet-10\" value=\"\" class=\"wpcf7-form-control wpcf7-number wpcf7-validates-as-number\" aria-invalid=\"false\" placeholder=\"0\" \/><\/span><\/div>\n<div class=\"u-adet-yazi\"><span class=\"wpcf7-form-control-wrap placeholder\"><input type=\"text\" name=\"placeholder\" value=\"\u0639\u062f\u062f\" size=\"40\" class=\"wpcf7-form-control wpcf7-text\" aria-invalid=\"false\" \/><\/span><\/div>\n<\/div>\n<div class=\"f-urun-kutu\">\n<div class=\"urun-adi\">ONKP-02 Kabin Pateni<\/div>\n<div class=\"f-u-resim\"><img decoding=\"async\" src=\"http:\/\/www.onersanasansor.com\/ar\/wp-content\/uploads\/2019\/09\/ONKP-kabin-patenleri_p.jpg\"><\/div>\n<div class=\"u-adet\"><span class=\"wpcf7-form-control-wrap adet-11\"><input type=\"number\" name=\"adet-11\" value=\"\" class=\"wpcf7-form-control wpcf7-number wpcf7-validates-as-number\" aria-invalid=\"false\" placeholder=\"0\" \/><\/span><\/div>\n<div class=\"u-adet-yazi\"><span class=\"wpcf7-form-control-wrap placeholder\"><input type=\"text\" name=\"placeholder\" value=\"\u0639\u062f\u062f\" size=\"40\" class=\"wpcf7-form-control wpcf7-text\" aria-invalid=\"false\" \/><\/span><\/div>\n<\/div>\n<div class=\"f-urun-kutu\">\n<div class=\"urun-adi\">ONAP-01 A\u011f\u0131rl\u0131k Pateni<\/div>\n<div class=\"f-u-resim\"><img decoding=\"async\" src=\"http:\/\/www.onersanasansor.com\/ar\/wp-content\/uploads\/2019\/09\/ONAP-01-agirlik-patani1_p.jpg\"><\/div>\n<div class=\"u-adet\"><span class=\"wpcf7-form-control-wrap adet-12\"><input type=\"number\" name=\"adet-12\" value=\"\" class=\"wpcf7-form-control wpcf7-number wpcf7-validates-as-number\" aria-invalid=\"false\" placeholder=\"0\" \/><\/span><\/div>\n<div class=\"u-adet-yazi\"><span class=\"wpcf7-form-control-wrap placeholder\"><input type=\"text\" name=\"placeholder\" value=\"\u0639\u062f\u062f\" size=\"40\" class=\"wpcf7-form-control wpcf7-text\" aria-invalid=\"false\" \/><\/span><\/div>\n<\/div>\n<div class=\"f-urun-kutu\">\n<div class=\"urun-adi\">ONYP Paten Plastikleri<\/div>\n<div class=\"f-u-resim\"><img decoding=\"async\" src=\"http:\/\/www.onersanasansor.com\/ar\/wp-content\/uploads\/2019\/12\/ONYP-Paten-Plastikleri-1.jpg\"><\/div>\n<div class=\"u-adet\"><span class=\"wpcf7-form-control-wrap adet-13\"><input type=\"number\" name=\"adet-13\" value=\"\" class=\"wpcf7-form-control wpcf7-number wpcf7-validates-as-number\" aria-invalid=\"false\" placeholder=\"0\" \/><\/span><\/div>\n<div class=\"u-adet-yazi\"><span class=\"wpcf7-form-control-wrap placeholder\"><input type=\"text\" name=\"placeholder\" value=\"\u0639\u062f\u062f\" size=\"40\" class=\"wpcf7-form-control wpcf7-text\" aria-invalid=\"false\" \/><\/span><\/div>\n<\/div>\n<div class=\"f-urun-kutu\">\n<div class=\"urun-adi\">ONP Paten Plastikleri<\/div>\n<div class=\"f-u-resim\"><img decoding=\"async\" src=\"http:\/\/www.onersanasansor.com\/ar\/wp-content\/uploads\/2019\/09\/ONP-paten-plastikleri_p.jpg\"><\/div>\n<div class=\"u-adet\"><span class=\"wpcf7-form-control-wrap adet-14\"><input type=\"number\" name=\"adet-14\" value=\"\" class=\"wpcf7-form-control wpcf7-number wpcf7-validates-as-number\" aria-invalid=\"false\" placeholder=\"0\" \/><\/span><\/div>\n<div class=\"u-adet-yazi\"><span class=\"wpcf7-form-control-wrap placeholder\"><input type=\"text\" name=\"placeholder\" value=\"\u0639\u062f\u062f\" size=\"40\" class=\"wpcf7-form-control wpcf7-text\" aria-invalid=\"false\" \/><\/span><\/div>\n<\/div>\n<div class=\"f-urun-kutu\">\n<div class=\"urun-adi\">ONY-01 Ya\u011fdanl\u0131k<\/div>\n<div class=\"f-u-resim\"><img decoding=\"async\" src=\"http:\/\/www.onersanasansor.com\/ar\/wp-content\/uploads\/2019\/12\/ony-01-yagdanlik-3.jpg\"><\/div>\n<div class=\"u-adet\"><span class=\"wpcf7-form-control-wrap adet-15\"><input type=\"number\" name=\"adet-15\" value=\"\" class=\"wpcf7-form-control wpcf7-number wpcf7-validates-as-number\" aria-invalid=\"false\" placeholder=\"0\" \/><\/span><\/div>\n<div class=\"u-adet-yazi\"><span class=\"wpcf7-form-control-wrap placeholder\"><input type=\"text\" name=\"placeholder\" value=\"\u0639\u062f\u062f\" size=\"40\" class=\"wpcf7-form-control wpcf7-text\" aria-invalid=\"false\" \/><\/span><\/div>\n<\/div>\n<div class=\"f-urun-kutu\">\n<div class=\"urun-adi\">ONYT-01 Ya\u011f Toplama Kab\u0131<\/div>\n<div class=\"f-u-resim\"><img decoding=\"async\" src=\"http:\/\/www.onersanasansor.com\/ar\/wp-content\/uploads\/2019\/09\/ONYT-01-yag-toplama-kabi_p.jpg\"><\/div>\n<div class=\"u-adet\"><span class=\"wpcf7-form-control-wrap adet-16\"><input type=\"number\" name=\"adet-16\" value=\"\" class=\"wpcf7-form-control wpcf7-number wpcf7-validates-as-number\" aria-invalid=\"false\" placeholder=\"0\" \/><\/span><\/div>\n<div class=\"u-adet-yazi\"><span class=\"wpcf7-form-control-wrap placeholder\"><input type=\"text\" name=\"placeholder\" value=\"\u0639\u062f\u062f\" size=\"40\" class=\"wpcf7-form-control wpcf7-text\" aria-invalid=\"false\" \/><\/span><\/div>\n<\/div>\n<\/div>\n<p><input type=\"submit\" value=\"\u0634\u0631\u0627\u0621 \u0627\u0644\u0639\u0631\u0636 &rarr;\" class=\"wpcf7-form-control wpcf7-submit\" \/><\/p>\n<div class=\"wpcf7-response-output wpcf7-display-none\"><\/div><\/form><\/div>[\/vc_column][\/vc_row]<\/p>\n","protected":false},"excerpt":{"rendered":"<p>[vc_row][vc_column][vc_column_text css=&#8221;.vc_custom_1576222604732{margin-top: 20px !important;margin-bottom: 30px !important;}&#8221;] \u0639\u0646\u062f\u0645\u0627 \u062a\u0631\u0633\u0644 \u0627\u0644\u0633\u0639\u0631 \u0639\u0646 \u0637\u0631\u064a\u0642 \u062a\u062d\u062f\u064a\u062f \u0643\u0645\u064a\u0629 \u0627\u0644\u0645\u0646\u062a\u062c \u0627\u0644\u0630\u064a \u062a\u0631\u064a\u062f \u0627\u0644\u062d\u0635\u0648\u0644 \u0639\u0644\u0649 \u0639\u0631\u0636 \u0623\u0633\u0639\u0627\u0631 \u060c \u0633\u062a\u0639\u0648\u062f \u0625\u0644\u064a\u0643 \u0633\u0644\u0637\u0627\u062a\u0646\u0627 \u0625\u0644\u064a\u0643 \u0641\u064a \u0623\u0642\u0631\u0628 \u0648\u0642\u062a \u0645\u0645\u0643\u0646. [\/vc_column_text][\/vc_column][\/vc_row]<\/p>\n","protected":false},"author":1,"featured_media":0,"parent":0,"menu_order":0,"comment_status":"closed","ping_status":"closed","template":"","meta":{"footnotes":"","_links_to":"","_links_to_target":""},"class_list":["post-2087","page","type-page","status-publish","hentry"],"_links":{"self":[{"href":"https:\/\/www.onersanasansor.com\/ar\/wp-json\/wp\/v2\/pages\/2087","targetHints":{"allow":["GET"]}}],"collection":[{"href":"https:\/\/www.onersanasansor.com\/ar\/wp-json\/wp\/v2\/pages"}],"about":[{"href":"https:\/\/www.onersanasansor.com\/ar\/wp-json\/wp\/v2\/types\/page"}],"author":[{"embeddable":true,"href":"https:\/\/www.onersanasansor.com\/ar\/wp-json\/wp\/v2\/users\/1"}],"replies":[{"embeddable":true,"href":"https:\/\/www.onersanasansor.com\/ar\/wp-json\/wp\/v2\/comments?post=2087"}],"version-history":[{"count":8,"href":"https:\/\/www.onersanasansor.com\/ar\/wp-json\/wp\/v2\/pages\/2087\/revisions"}],"predecessor-version":[{"id":2317,"href":"https:\/\/www.onersanasansor.com\/ar\/wp-json\/wp\/v2\/pages\/2087\/revisions\/2317"}],"wp:attachment":[{"href":"https:\/\/www.onersanasansor.com\/ar\/wp-json\/wp\/v2\/media?parent=2087"}],"curies":[{"name":"wp","href":"https:\/\/api.w.org\/{rel}","templated":true}]}}