{"id":2179,"date":"2019-12-05T12:30:02","date_gmt":"2019-12-05T09:30:02","guid":{"rendered":"http:\/\/www.onersanasansor.com\/ar\/?page_id=2179"},"modified":"2019-12-05T12:30:02","modified_gmt":"2019-12-05T09:30:02","slug":"cift-emniyetli-asansor-kapi-kilitleri","status":"publish","type":"page","link":"https:\/\/www.onersanasansor.com\/ar\/cift-emniyetli-asansor-kapi-kilitleri\/","title":{"rendered":"\u00c7ift Emniyetli Asans\u00f6r Kap\u0131 Kilitleri"},"content":{"rendered":"<p>[vc_row css=&#8221;.vc_custom_1575536989678{margin-top: 20px !important;margin-bottom: 50px !important;}&#8221;][vc_column width=&#8221;1\/4&#8243;]<div class=\"ozy-flex-box \">\n\t\t\t\t<a class=\"hover-frame\" href=\"http:\/\/www.onersanasansor.com\/ar\/urunlerimiz\/on-03-cift-emniyetli-asansor-kapi-kilidi\/\" target=\"_self\">\n\t\t\t\t\t<span class=\"hover-frame-wrapper\">\n\t\t\t\t\t\t<img decoding=\"async\" src=\"https:\/\/www.onersanasansor.com\/ar\/wp-content\/uploads\/2019\/09\/ON-03-cift-emniyetli-asansor-kapi-kilidi2_p.jpg\" alt=\"ON-03 \u00c7ift Emniyetli Asans\u00f6r Kap\u0131 Kilidi\"\/>\n\t\t\t\t\t\t<span class=\"hover-frame-inner\"><\/span>\n\t\t\t\t\t<\/span>\n\t\t\t\t\t<h6><\/h6>\n\t\t\t\t<\/a>\n\t\t\t\t<h5>ON-03 \u00c7ift Emniyetli Asans\u00f6r Kap\u0131 Kilidi<\/h5><\/div>[\/vc_column][vc_column width=&#8221;1\/4&#8243;]<div class=\"ozy-flex-box \">\n\t\t\t\t<a class=\"hover-frame\" href=\"http:\/\/www.onersanasansor.com\/ar\/urunlerimiz\/on-04-cift-emniyetli-asansor-kapi-kilidi\/\" target=\"_self\">\n\t\t\t\t\t<span class=\"hover-frame-wrapper\">\n\t\t\t\t\t\t<img decoding=\"async\" src=\"https:\/\/www.onersanasansor.com\/ar\/wp-content\/uploads\/2019\/09\/ON-04-cift-emniyetli-asansor-kapi-kilidi2_p.jpg\" alt=\"ON-04 \u00c7ift Emniyetli Asans\u00f6r Kap\u0131 Kilidi\"\/>\n\t\t\t\t\t\t<span class=\"hover-frame-inner\"><\/span>\n\t\t\t\t\t<\/span>\n\t\t\t\t\t<h6><\/h6>\n\t\t\t\t<\/a>\n\t\t\t\t<h5>ON-04 \u00c7ift Emniyetli Asans\u00f6r Kap\u0131 Kilidi<\/h5><\/div>[\/vc_column][vc_column width=&#8221;1\/4&#8243;][\/vc_column][vc_column width=&#8221;1\/4&#8243;][\/vc_column][\/vc_row]<\/p>\n","protected":false},"excerpt":{"rendered":"<p>[vc_row css=&#8221;.vc_custom_1575536989678{margin-top: 20px !important;margin-bottom: 50px !important;}&#8221;][vc_column width=&#8221;1\/4&#8243;][\/vc_column][vc_column width=&#8221;1\/4&#8243;][\/vc_column][vc_column width=&#8221;1\/4&#8243;][\/vc_column][vc_column width=&#8221;1\/4&#8243;][\/vc_column][\/vc_row]<\/p>\n","protected":false},"author":1,"featured_media":0,"parent":0,"menu_order":0,"comment_status":"closed","ping_status":"closed","template":"","meta":{"footnotes":"","_links_to":"","_links_to_target":""},"class_list":["post-2179","page","type-page","status-publish","hentry"],"_links":{"self":[{"href":"https:\/\/www.onersanasansor.com\/ar\/wp-json\/wp\/v2\/pages\/2179","targetHints":{"allow":["GET"]}}],"collection":[{"href":"https:\/\/www.onersanasansor.com\/ar\/wp-json\/wp\/v2\/pages"}],"about":[{"href":"https:\/\/www.onersanasansor.com\/ar\/wp-json\/wp\/v2\/types\/page"}],"author":[{"embeddable":true,"href":"https:\/\/www.onersanasansor.com\/ar\/wp-json\/wp\/v2\/users\/1"}],"replies":[{"embeddable":true,"href":"https:\/\/www.onersanasansor.com\/ar\/wp-json\/wp\/v2\/comments?post=2179"}],"version-history":[{"count":1,"href":"https:\/\/www.onersanasansor.com\/ar\/wp-json\/wp\/v2\/pages\/2179\/revisions"}],"predecessor-version":[{"id":2180,"href":"https:\/\/www.onersanasansor.com\/ar\/wp-json\/wp\/v2\/pages\/2179\/revisions\/2180"}],"wp:attachment":[{"href":"https:\/\/www.onersanasansor.com\/ar\/wp-json\/wp\/v2\/media?parent=2179"}],"curies":[{"name":"wp","href":"https:\/\/api.w.org\/{rel}","templated":true}]}}