{"id":2181,"date":"2019-12-05T12:34:51","date_gmt":"2019-12-05T09:34:51","guid":{"rendered":"http:\/\/www.onersanasansor.com\/ar\/?page_id=2181"},"modified":"2019-12-05T16:08:58","modified_gmt":"2019-12-05T13:08:58","slug":"poliuretan-asansor-tamponlari","status":"publish","type":"page","link":"https:\/\/www.onersanasansor.com\/ar\/poliuretan-asansor-tamponlari\/","title":{"rendered":"Poli\u00fcretan Asans\u00f6r Tamponlar\u0131"},"content":{"rendered":"<p>[vc_row css=&#8221;.vc_custom_1575536989678{margin-top: 20px !important;margin-bottom: 50px !important;}&#8221;][vc_column width=&#8221;1\/4&#8243;]<div class=\"ozy-flex-box \">\n\t\t\t\t<a class=\"hover-frame\" href=\"http:\/\/www.onersanasansor.com\/ar\/urunlerimiz\/onpt-01-poliuretan-asansor-tamponlari\/\" target=\"_self\">\n\t\t\t\t\t<span class=\"hover-frame-wrapper\">\n\t\t\t\t\t\t<img decoding=\"async\" src=\"https:\/\/www.onersanasansor.com\/ar\/wp-content\/uploads\/2019\/12\/ONPT-01.jpg\" alt=\"ONPT-01 Poli\u00fcretan Asans\u00f6r Tamponlar\u0131\"\/>\n\t\t\t\t\t\t<span class=\"hover-frame-inner\"><\/span>\n\t\t\t\t\t<\/span>\n\t\t\t\t\t<h6><\/h6>\n\t\t\t\t<\/a>\n\t\t\t\t<h5>ONPT-01 Poli\u00fcretan Asans\u00f6r Tamponlar\u0131<\/h5><\/div>[\/vc_column][vc_column width=&#8221;1\/4&#8243;]<div class=\"ozy-flex-box \">\n\t\t\t\t<a class=\"hover-frame\" href=\"http:\/\/www.onersanasansor.com\/ar\/urunlerimiz\/onpt-02-poliuretan-asansor-tamponlari\/\" target=\"_self\">\n\t\t\t\t\t<span class=\"hover-frame-wrapper\">\n\t\t\t\t\t\t<img decoding=\"async\" src=\"https:\/\/www.onersanasansor.com\/ar\/wp-content\/uploads\/2019\/12\/ONPT-02.jpg\" alt=\"ONPT-02 Poli\u00fcretan Asans\u00f6r Tamponlar\u0131\"\/>\n\t\t\t\t\t\t<span class=\"hover-frame-inner\"><\/span>\n\t\t\t\t\t<\/span>\n\t\t\t\t\t<h6><\/h6>\n\t\t\t\t<\/a>\n\t\t\t\t<h5>ONPT-02 Poli\u00fcretan Asans\u00f6r Tamponlar\u0131<\/h5><\/div>[\/vc_column][vc_column width=&#8221;1\/4&#8243;]<div class=\"ozy-flex-box \">\n\t\t\t\t<a class=\"hover-frame\" href=\"http:\/\/www.onersanasansor.com\/ar\/urunlerimiz\/onpt-03-poliuretan-asansor-tamponlari\/\" target=\"_self\">\n\t\t\t\t\t<span class=\"hover-frame-wrapper\">\n\t\t\t\t\t\t<img decoding=\"async\" src=\"https:\/\/www.onersanasansor.com\/ar\/wp-content\/uploads\/2019\/09\/ONPT-poliuretan-asansor-tamponlari_p.jpg\" alt=\"ONPT-03 Poli\u00fcretan Asans\u00f6r Tamponlar\u0131\"\/>\n\t\t\t\t\t\t<span class=\"hover-frame-inner\"><\/span>\n\t\t\t\t\t<\/span>\n\t\t\t\t\t<h6><\/h6>\n\t\t\t\t<\/a>\n\t\t\t\t<h5>ONPT-03 Poli\u00fcretan Asans\u00f6r Tamponlar\u0131<\/h5><\/div>[\/vc_column][vc_column width=&#8221;1\/4&#8243;][\/vc_column][\/vc_row]<\/p>\n","protected":false},"excerpt":{"rendered":"<p>[vc_row css=&#8221;.vc_custom_1575536989678{margin-top: 20px !important;margin-bottom: 50px !important;}&#8221;][vc_column width=&#8221;1\/4&#8243;][\/vc_column][vc_column width=&#8221;1\/4&#8243;][\/vc_column][vc_column width=&#8221;1\/4&#8243;][\/vc_column][vc_column width=&#8221;1\/4&#8243;][\/vc_column][\/vc_row]<\/p>\n","protected":false},"author":1,"featured_media":0,"parent":0,"menu_order":0,"comment_status":"closed","ping_status":"closed","template":"","meta":{"footnotes":"","_links_to":"","_links_to_target":""},"class_list":["post-2181","page","type-page","status-publish","hentry"],"_links":{"self":[{"href":"https:\/\/www.onersanasansor.com\/ar\/wp-json\/wp\/v2\/pages\/2181","targetHints":{"allow":["GET"]}}],"collection":[{"href":"https:\/\/www.onersanasansor.com\/ar\/wp-json\/wp\/v2\/pages"}],"about":[{"href":"https:\/\/www.onersanasansor.com\/ar\/wp-json\/wp\/v2\/types\/page"}],"author":[{"embeddable":true,"href":"https:\/\/www.onersanasansor.com\/ar\/wp-json\/wp\/v2\/users\/1"}],"replies":[{"embeddable":true,"href":"https:\/\/www.onersanasansor.com\/ar\/wp-json\/wp\/v2\/comments?post=2181"}],"version-history":[{"count":3,"href":"https:\/\/www.onersanasansor.com\/ar\/wp-json\/wp\/v2\/pages\/2181\/revisions"}],"predecessor-version":[{"id":2245,"href":"https:\/\/www.onersanasansor.com\/ar\/wp-json\/wp\/v2\/pages\/2181\/revisions\/2245"}],"wp:attachment":[{"href":"https:\/\/www.onersanasansor.com\/ar\/wp-json\/wp\/v2\/media?parent=2181"}],"curies":[{"name":"wp","href":"https:\/\/api.w.org\/{rel}","templated":true}]}}