{"id":2382,"date":"2025-11-19T00:33:16","date_gmt":"2025-11-18T21:33:16","guid":{"rendered":"https:\/\/www.onersanasansor.com\/ar\/?page_id=2382"},"modified":"2025-11-19T00:33:50","modified_gmt":"2025-11-18T21:33:50","slug":"ona-01-asansor-kapi-amortisoru","status":"publish","type":"page","link":"https:\/\/www.onersanasansor.com\/ar\/urunlerimiz\/ona-01-asansor-kapi-amortisoru\/","title":{"rendered":"ONA-01 Asans\u00f6r Kap\u0131 Amortis\u00f6r\u00fc"},"content":{"rendered":"<p>[vc_row][vc_column]<h3 class=\"ozy-divider-cap-left wpb_content_element\">ONA-01 Asans\u00f6r Kap\u0131 Amortis\u00f6r\u00fc<\/h3><div class=\"ozy-content-divider \" style=\"border-top-style:solid;border-top-width:2px;border-top-color:#dda146;width:50px;max-width:50px;float:left;\"><\/div>[vc_row_inner css=&#8221;.vc_custom_1568101144080{margin-top: 15px !important;}&#8221;][vc_column_inner][vc_single_image image=&#8221;2383&#8243; img_size=&#8221;full&#8221; style=&#8221;vc_box_outline&#8221; onclick=&#8221;link_image&#8221;][\/vc_column_inner][\/vc_row_inner][vc_row_inner][vc_column_inner width=&#8221;1\/3&#8243;][\/vc_column_inner][vc_column_inner width=&#8221;1\/3&#8243;][vc_column_text]<\/p>\n<h3>Metal G\u00f6vde<\/h3>\n<p>[\/vc_column_text][\/vc_column_inner][vc_column_inner width=&#8221;1\/3&#8243;][\/vc_column_inner][\/vc_row_inner][\/vc_column][\/vc_row]<\/p>\n","protected":false},"excerpt":{"rendered":"<p>[vc_row][vc_column][vc_row_inner css=&#8221;.vc_custom_1568101144080{margin-top: 15px !important;}&#8221;][vc_column_inner][vc_single_image image=&#8221;2383&#8243; img_size=&#8221;full&#8221; style=&#8221;vc_box_outline&#8221; onclick=&#8221;link_image&#8221;][\/vc_column_inner][\/vc_row_inner][vc_row_inner][vc_column_inner width=&#8221;1\/3&#8243;][\/vc_column_inner][vc_column_inner width=&#8221;1\/3&#8243;][vc_column_text] Metal G\u00f6vde [\/vc_column_text][\/vc_column_inner][vc_column_inner width=&#8221;1\/3&#8243;][\/vc_column_inner][\/vc_row_inner][\/vc_column][\/vc_row]<\/p>\n","protected":false},"author":1,"featured_media":0,"parent":130,"menu_order":0,"comment_status":"closed","ping_status":"closed","template":"","meta":{"footnotes":"","_links_to":"","_links_to_target":""},"class_list":["post-2382","page","type-page","status-publish","hentry"],"_links":{"self":[{"href":"https:\/\/www.onersanasansor.com\/ar\/wp-json\/wp\/v2\/pages\/2382","targetHints":{"allow":["GET"]}}],"collection":[{"href":"https:\/\/www.onersanasansor.com\/ar\/wp-json\/wp\/v2\/pages"}],"about":[{"href":"https:\/\/www.onersanasansor.com\/ar\/wp-json\/wp\/v2\/types\/page"}],"author":[{"embeddable":true,"href":"https:\/\/www.onersanasansor.com\/ar\/wp-json\/wp\/v2\/users\/1"}],"replies":[{"embeddable":true,"href":"https:\/\/www.onersanasansor.com\/ar\/wp-json\/wp\/v2\/comments?post=2382"}],"version-history":[{"count":2,"href":"https:\/\/www.onersanasansor.com\/ar\/wp-json\/wp\/v2\/pages\/2382\/revisions"}],"predecessor-version":[{"id":2385,"href":"https:\/\/www.onersanasansor.com\/ar\/wp-json\/wp\/v2\/pages\/2382\/revisions\/2385"}],"up":[{"embeddable":true,"href":"https:\/\/www.onersanasansor.com\/ar\/wp-json\/wp\/v2\/pages\/130"}],"wp:attachment":[{"href":"https:\/\/www.onersanasansor.com\/ar\/wp-json\/wp\/v2\/media?parent=2382"}],"curies":[{"name":"wp","href":"https:\/\/api.w.org\/{rel}","templated":true}]}}